{"id":2110,"date":"2024-10-02T10:05:31","date_gmt":"2024-10-02T08:05:31","guid":{"rendered":"https:\/\/www.comm-in-lot.fr\/?post_type=product&#038;p=2110"},"modified":"2024-10-07T01:01:56","modified_gmt":"2024-10-06T23:01:56","slug":"papinou","status":"publish","type":"product","link":"https:\/\/www.comm-in-lot.fr\/index.php\/produit\/papinou\/","title":{"rendered":"Papinou"},"content":{"rendered":"<table>\n<tbody>\n<tr>\n<td>\n<div class=\"product-quality\">\n<h3>Tshirt coton<\/h3>\n<h4 class=\"text-uppercase; top-align\">Taille<\/h4>\n<p>Du S au 4XL<\/p>\n<h4 class=\"text-uppercase\">Couleur<\/h4>\n<p>Noir (d&rsquo;autres coloris disponibles <a href=\"mailto:contact@comm-in-lot.fr\">sur demande<\/a>)<\/p>\n<h4 class=\"text-uppercase\">Qualit\u00e9<\/h4>\n<p>JERSEY 150<br \/>\n100% coton semi-peign\u00e9 Ringspun, Bande de propret\u00e9 au col,<br \/>\nCol avec bord c\u00f4te \u00e9lasthanne<\/p>\n<\/div>\n<div class=\"product-style\">\n<h4 class=\"text-uppercase\">Style classique<\/h4>\n<p>Manches courtes, Tubulaire, Col rond, Coupe unisexe<\/p>\n<\/div>\n<\/td>\n<td>\n<div class=\"product-quality; top-align\">\n<h3>Mug c\u00e9ramique<\/h3>\n<h4>Dimensions<\/h4>\n<p>Hauteur : 95 mm<br \/>\nDiam\u00e8tre : 82 mm<\/p>\n<h4>Contenance<\/h4>\n<p>325 ml<\/p>\n<\/div>\n<p>&nbsp;<\/td>\n<\/tr>\n<\/tbody>\n<\/table>\n","protected":false},"excerpt":{"rendered":"<p>Parce que nos papis sont tous nos pr\u00e9f\u00e9r\u00e9s\u2026<\/p>\n<p>T-shirt noir floqu\u00e9 blanc et argent\u00e9 -parce qu&rsquo;ils le valent bien\u2026 m\u00eame s&rsquo;ils perdent leurs cheveux \ud83d\ude09<br \/>\n<em>(lavage recommand\u00e9 \u00e0 40\u00b0, s\u00e8che-linge d\u00e9conseille, repassage sur l&rsquo;envers de pr\u00e9f\u00e9rence)<\/em><\/p>\n<p>Mug c\u00e9ramique imprim\u00e9 par sublimation -parce qu&rsquo;ils le sont\u2026 sublimes \ud83d\ude09<br \/>\n<em>(lavage en machine et chauffage en micro-ondes avec parcimonie et mod\u00e9ration)<\/em><\/p>\n","protected":false},"featured_media":2144,"comment_status":"closed","ping_status":"closed","template":"","meta":[],"product_brand":[],"product_cat":[174,130,54,127,121,103,115,28,47,19],"product_tag":[101,107,106,35,51,109,105,108,45,34],"class_list":{"0":"post-2110","1":"product","2":"type-product","3":"status-publish","4":"has-post-thumbnail","6":"product_cat-fete-des-papis","7":"product_cat-les-parfaits","8":"product_cat-mug","9":"product_cat-unisexe","10":"product_cat-homme","11":"product_cat-famille","12":"product_cat-papi","13":"product_cat-textile","14":"product_cat-tshirt","15":"product_cat-comminlot","16":"product_tag-famille","17":"product_tag-fille","18":"product_tag-fils","19":"product_tag-flocage","20":"product_tag-maman","21":"product_tag-mamie","22":"product_tag-papa","23":"product_tag-papi","24":"product_tag-t-shirt","25":"product_tag-textile","26":"product_shipping_class-classiq","27":"latest_post","29":"first","30":"instock","31":"taxable","32":"shipping-taxable","33":"purchasable","34":"product-type-variable"},"jetpack_sharing_enabled":true,"_links":{"self":[{"href":"https:\/\/www.comm-in-lot.fr\/index.php\/wp-json\/wp\/v2\/product\/2110","targetHints":{"allow":["GET"]}}],"collection":[{"href":"https:\/\/www.comm-in-lot.fr\/index.php\/wp-json\/wp\/v2\/product"}],"about":[{"href":"https:\/\/www.comm-in-lot.fr\/index.php\/wp-json\/wp\/v2\/types\/product"}],"replies":[{"embeddable":true,"href":"https:\/\/www.comm-in-lot.fr\/index.php\/wp-json\/wp\/v2\/comments?post=2110"}],"wp:featuredmedia":[{"embeddable":true,"href":"https:\/\/www.comm-in-lot.fr\/index.php\/wp-json\/wp\/v2\/media\/2144"}],"wp:attachment":[{"href":"https:\/\/www.comm-in-lot.fr\/index.php\/wp-json\/wp\/v2\/media?parent=2110"}],"wp:term":[{"taxonomy":"product_brand","embeddable":true,"href":"https:\/\/www.comm-in-lot.fr\/index.php\/wp-json\/wp\/v2\/product_brand?post=2110"},{"taxonomy":"product_cat","embeddable":true,"href":"https:\/\/www.comm-in-lot.fr\/index.php\/wp-json\/wp\/v2\/product_cat?post=2110"},{"taxonomy":"product_tag","embeddable":true,"href":"https:\/\/www.comm-in-lot.fr\/index.php\/wp-json\/wp\/v2\/product_tag?post=2110"}],"curies":[{"name":"wp","href":"https:\/\/api.w.org\/{rel}","templated":true}]}}