{"id":2416,"date":"2025-12-05T17:29:25","date_gmt":"2025-12-05T16:29:25","guid":{"rendered":"https:\/\/www.comm-in-lot.fr\/?post_type=product&#038;p=2416"},"modified":"2025-12-05T17:36:45","modified_gmt":"2025-12-05T16:36:45","slug":"doudou","status":"publish","type":"product","link":"https:\/\/www.comm-in-lot.fr\/index.php\/produit\/doudou\/","title":{"rendered":"Doudou"},"content":{"rendered":"<div class=\"product-quality\">\n<h4 class=\"text-uppercase\">Mod\u00e8le de peluche al\u00e9atoire, me contacter si vous d\u00e9sirez un mod\u00e8le particulier\u2026<\/h4>\n<\/div>\n","protected":false},"excerpt":{"rendered":"<p>Souillac et son art de vivre\u2026 sa tranquillit\u00e9\u2026 et sa folie et ses c\u00e2lins \ud83d\ude09 \u2764\ufe0f<\/p>\n<p><img loading=\"lazy\" decoding=\"async\" class=\"alignnone size-medium wp-image-364\" src=\"https:\/\/www.comm-in-lot.fr\/wp-content\/uploads\/2021\/03\/lavageA40-comminlot-01-1-300x112.png\" alt=\"\" width=\"300\" height=\"112\" srcset=\"https:\/\/www.comm-in-lot.fr\/wp-content\/uploads\/2021\/03\/lavageA40-comminlot-01-1-300x112.png 300w, https:\/\/www.comm-in-lot.fr\/wp-content\/uploads\/2021\/03\/lavageA40-comminlot-01-1-161x60.png 161w, https:\/\/www.comm-in-lot.fr\/wp-content\/uploads\/2021\/03\/lavageA40-comminlot-01-1.png 419w\" sizes=\"auto, (max-width: 300px) 100vw, 300px\" \/><\/p>\n","protected":false},"featured_media":2414,"comment_status":"closed","ping_status":"closed","template":"","meta":[],"product_brand":[],"product_cat":[137,144,143,96,54,127,104,103,28,47,19],"product_tag":[67,35,97,60,145,34],"class_list":{"0":"post-2416","1":"product","2":"type-product","3":"status-publish","4":"has-post-thumbnail","6":"product_cat-autocollant","7":"product_cat-body","8":"product_cat-peluche","9":"product_cat-lot-46","10":"product_cat-mug","11":"product_cat-unisexe","12":"product_cat-enfant","13":"product_cat-famille","14":"product_cat-textile","15":"product_cat-tshirt","16":"product_cat-comminlot","17":"product_tag-coton","18":"product_tag-flocage","19":"product_tag-lot","20":"product_tag-mug","21":"product_tag-peluche","22":"product_tag-textile","23":"latest_post","25":"first","26":"instock","27":"taxable","28":"shipping-taxable","29":"purchasable","30":"product-type-variable"},"jetpack_sharing_enabled":true,"_links":{"self":[{"href":"https:\/\/www.comm-in-lot.fr\/index.php\/wp-json\/wp\/v2\/product\/2416","targetHints":{"allow":["GET"]}}],"collection":[{"href":"https:\/\/www.comm-in-lot.fr\/index.php\/wp-json\/wp\/v2\/product"}],"about":[{"href":"https:\/\/www.comm-in-lot.fr\/index.php\/wp-json\/wp\/v2\/types\/product"}],"replies":[{"embeddable":true,"href":"https:\/\/www.comm-in-lot.fr\/index.php\/wp-json\/wp\/v2\/comments?post=2416"}],"wp:featuredmedia":[{"embeddable":true,"href":"https:\/\/www.comm-in-lot.fr\/index.php\/wp-json\/wp\/v2\/media\/2414"}],"wp:attachment":[{"href":"https:\/\/www.comm-in-lot.fr\/index.php\/wp-json\/wp\/v2\/media?parent=2416"}],"wp:term":[{"taxonomy":"product_brand","embeddable":true,"href":"https:\/\/www.comm-in-lot.fr\/index.php\/wp-json\/wp\/v2\/product_brand?post=2416"},{"taxonomy":"product_cat","embeddable":true,"href":"https:\/\/www.comm-in-lot.fr\/index.php\/wp-json\/wp\/v2\/product_cat?post=2416"},{"taxonomy":"product_tag","embeddable":true,"href":"https:\/\/www.comm-in-lot.fr\/index.php\/wp-json\/wp\/v2\/product_tag?post=2416"}],"curies":[{"name":"wp","href":"https:\/\/api.w.org\/{rel}","templated":true}]}}